{"id":277,"date":"2023-04-28T12:37:45","date_gmt":"2023-04-28T10:37:45","guid":{"rendered":"https:\/\/mineroconforex.com\/personalizar-cookies\/"},"modified":"2023-04-28T12:37:45","modified_gmt":"2023-04-28T10:37:45","slug":"personalizar-cookies","status":"publish","type":"page","link":"https:\/\/mineroconforex.com\/gl\/personalizar-cookies\/","title":{"rendered":"Personalizar Cookies"},"content":{"rendered":"<div>\n      <div id=\"custom-cookies-eu-label\">\n          El sitio Web https:\/\/mineroconforex.com utiliza cookies propias y de terceros para su correcto funcionamiento y para fines anal\u00edticos. Al hacer clic en el bot\u00f3n Aceptar, acepta el uso de estas tecnolog\u00edas y el procesamiento de sus datos para estos prop\u00f3sitos.          \n\n      <\/div>\n\n      <div id=\"custom-cookies-eu-buttons\" class=\"cookies-eu-buttons\">\n        <button id=\"custom-cookies-eu-reject\" class=\"cookies-eu-reject\">Rechazar<\/button>\n        <button id=\"custom-cookies-eu-accept\" class=\"cookies-eu-accept\">ACEPTAR TODAS LAS COOKIES<\/button><\/div>\n      <\/div>\n\n<br\/>\n<p>\n\tPuedes cambiar tus preferencias de cookies en cualquier momento si vuelves a la p\u00e1gina de Personalizar cookies, a la que puedes acceder a trav\u00e9s del Aviso de cookies. \n<\/p>\n\n<h3>Cookies t\u00e9cnicas<\/h3>\n<p>\n\tSon aquellas que permiten a los usuarios registrados navegar a trav\u00e9s del sitio Web, del \u00e1rea restringida y a utilizar sus diferentes funciones, como por ejemplo, el sistema de comentarios o el buscador y no pueden ser desactivadas.\n<\/p>\n\n<div class=\"custom-cookies-option\">\n  <h3>Cookies de an\u00e1lisis o medici\u00f3n<\/h3>\n  <span>\n    <input type=\"radio\" name=\"cookies-analytics-option\" value=\"true\" class=\"custom-cookies-radio\" data-consent=\"ANLTCS\" id=\"custom-cookies-accept-analytics\" >\n    <label for=\"custom-cookies-accept-analytics\">Activar<\/label>\n    &nbsp;&nbsp;\n    <input type=\"radio\" name=\"cookies-analytics-option\" value=\"false\" class=\"custom-cookies-radio\" data-consent=\"ANLTCS\" id=\"custom-cookies-reject-analytics\" \n    checked>\n    <label for=\"custom-cookies-reject-analytics\">Desactivar<\/label>\n<\/span>\n<\/div>\n\n<p>\n\tSon aquellas que, bien tratadas por el sitio Web o por terceros, permiten cuantificar el n\u00famero de usuarios y as\u00ed realizar la medici\u00f3n y an\u00e1lisis estad\u00edstico de la utilizaci\u00f3n que hacen los usuarios del sitio Web. Para ello se analiza la navegaci\u00f3n que realizas en este sitio Web con el fin de mejorarlo.\n<\/p>","protected":false},"excerpt":{"rendered":"<p>El sitio Web https:\/\/mineroconforex.com utiliza cookies propias y de terceros para su correcto funcionamiento y para fines anal\u00edticos. Al hacer clic en el bot\u00f3n Aceptar, acepta el uso de estas tecnolog\u00edas y el procesamiento de sus datos para estos prop\u00f3sitos. Rechazar ACEPTAR TODAS LAS COOKIES Puedes cambiar tus preferencias de cookies en cualquier momento si [&hellip;]<\/p>","protected":false},"author":3,"featured_media":0,"parent":0,"menu_order":0,"comment_status":"closed","ping_status":"closed","template":"","meta":{"footnotes":""},"class_list":["post-277","page","type-page","status-publish","hentry"],"yoast_head":"<!-- This site is optimized with the Yoast SEO plugin v24.0 - https:\/\/yoast.com\/wordpress\/plugins\/seo\/ -->\n<title>Personalizar Cookies - Minero Conforex<\/title>\n<meta name=\"description\" content=\"Empresa creada en 2008 dedicada al transporte de mercanc\u00eda por carretera, construcci\u00f3n general, servicios forestales, compra \/ venta \/ alquiler de veh\u00edculos\" \/>\n<meta name=\"robots\" content=\"index, follow, max-snippet:-1, max-image-preview:large, max-video-preview:-1\" \/>\n<link rel=\"canonical\" href=\"https:\/\/mineroconforex.com\/gl\/personalizar-cookies\/\" \/>\n<meta property=\"og:locale\" content=\"gl_ES\" \/>\n<meta property=\"og:type\" content=\"article\" \/>\n<meta property=\"og:title\" content=\"Personalizar Cookies - Minero Conforex\" \/>\n<meta property=\"og:description\" content=\"Empresa creada en 2008 dedicada al transporte de mercanc\u00eda por carretera, construcci\u00f3n general, servicios forestales, compra \/ venta \/ alquiler de veh\u00edculos\" \/>\n<meta property=\"og:url\" content=\"https:\/\/mineroconforex.com\/gl\/personalizar-cookies\/\" \/>\n<meta property=\"og:site_name\" content=\"Minero Conforex\" \/>\n<meta property=\"article:publisher\" content=\"https:\/\/www.facebook.com\/profile.php?id=100063485744813\" \/>\n<meta name=\"twitter:card\" content=\"summary_large_image\" \/>\n<script type=\"application\/ld+json\" class=\"yoast-schema-graph\">{\"@context\":\"https:\/\/schema.org\",\"@graph\":[{\"@type\":\"WebPage\",\"@id\":\"https:\/\/mineroconforex.com\/personalizar-cookies\/\",\"url\":\"https:\/\/mineroconforex.com\/personalizar-cookies\/\",\"name\":\"Personalizar Cookies - Minero Conforex\",\"isPartOf\":{\"@id\":\"https:\/\/mineroconforex.com\/#website\"},\"datePublished\":\"2023-04-28T10:37:45+00:00\",\"dateModified\":\"2023-04-28T10:37:45+00:00\",\"description\":\"Empresa creada en 2008 dedicada al transporte de mercanc\u00eda por carretera, construcci\u00f3n general, servicios forestales, compra \/ venta \/ alquiler de veh\u00edculos\",\"breadcrumb\":{\"@id\":\"https:\/\/mineroconforex.com\/personalizar-cookies\/#breadcrumb\"},\"inLanguage\":\"gl-ES\",\"potentialAction\":[{\"@type\":\"ReadAction\",\"target\":[\"https:\/\/mineroconforex.com\/personalizar-cookies\/\"]}]},{\"@type\":\"BreadcrumbList\",\"@id\":\"https:\/\/mineroconforex.com\/personalizar-cookies\/#breadcrumb\",\"itemListElement\":[{\"@type\":\"ListItem\",\"position\":1,\"name\":\"Portada\",\"item\":\"https:\/\/mineroconforex.com\/\"},{\"@type\":\"ListItem\",\"position\":2,\"name\":\"Personalizar Cookies\"}]},{\"@type\":\"WebSite\",\"@id\":\"https:\/\/mineroconforex.com\/#website\",\"url\":\"https:\/\/mineroconforex.com\/\",\"name\":\"Minero Conforex\",\"description\":\"Empresa creada en 2008 dedicada al transporte de mercanc\u00eda por carretera, construcci\u00f3n general, servicios forestales, compra \/ venta \/ alquiler de veh\u00edculos\",\"publisher\":{\"@id\":\"https:\/\/mineroconforex.com\/#organization\"},\"potentialAction\":[{\"@type\":\"SearchAction\",\"target\":{\"@type\":\"EntryPoint\",\"urlTemplate\":\"https:\/\/mineroconforex.com\/?s={search_term_string}\"},\"query-input\":{\"@type\":\"PropertyValueSpecification\",\"valueRequired\":true,\"valueName\":\"search_term_string\"}}],\"inLanguage\":\"gl-ES\"},{\"@type\":\"Organization\",\"@id\":\"https:\/\/mineroconforex.com\/#organization\",\"name\":\"Minero Conforex\",\"url\":\"https:\/\/mineroconforex.com\/\",\"logo\":{\"@type\":\"ImageObject\",\"inLanguage\":\"gl-ES\",\"@id\":\"https:\/\/mineroconforex.com\/#\/schema\/logo\/image\/\",\"url\":\"https:\/\/mineroconforex.com\/wp-content\/uploads\/2023\/04\/logo-minero.png\",\"contentUrl\":\"https:\/\/mineroconforex.com\/wp-content\/uploads\/2023\/04\/logo-minero.png\",\"width\":788,\"height\":787,\"caption\":\"Minero Conforex\"},\"image\":{\"@id\":\"https:\/\/mineroconforex.com\/#\/schema\/logo\/image\/\"},\"sameAs\":[\"https:\/\/www.facebook.com\/profile.php?id=100063485744813\"]}]}<\/script>\n<!-- \/ Yoast SEO plugin. -->","yoast_head_json":{"title":"Personalizar Cookies - Minero Conforex","description":"Empresa creada en 2008 dedicada al transporte de mercanc\u00eda por carretera, construcci\u00f3n general, servicios forestales, compra \/ venta \/ alquiler de veh\u00edculos","robots":{"index":"index","follow":"follow","max-snippet":"max-snippet:-1","max-image-preview":"max-image-preview:large","max-video-preview":"max-video-preview:-1"},"canonical":"https:\/\/mineroconforex.com\/gl\/personalizar-cookies\/","og_locale":"gl_ES","og_type":"article","og_title":"Personalizar Cookies - Minero Conforex","og_description":"Empresa creada en 2008 dedicada al transporte de mercanc\u00eda por carretera, construcci\u00f3n general, servicios forestales, compra \/ venta \/ alquiler de veh\u00edculos","og_url":"https:\/\/mineroconforex.com\/gl\/personalizar-cookies\/","og_site_name":"Minero Conforex","article_publisher":"https:\/\/www.facebook.com\/profile.php?id=100063485744813","twitter_card":"summary_large_image","schema":{"@context":"https:\/\/schema.org","@graph":[{"@type":"WebPage","@id":"https:\/\/mineroconforex.com\/personalizar-cookies\/","url":"https:\/\/mineroconforex.com\/personalizar-cookies\/","name":"Personalizar Cookies - Minero Conforex","isPartOf":{"@id":"https:\/\/mineroconforex.com\/#website"},"datePublished":"2023-04-28T10:37:45+00:00","dateModified":"2023-04-28T10:37:45+00:00","description":"Empresa creada en 2008 dedicada al transporte de mercanc\u00eda por carretera, construcci\u00f3n general, servicios forestales, compra \/ venta \/ alquiler de veh\u00edculos","breadcrumb":{"@id":"https:\/\/mineroconforex.com\/personalizar-cookies\/#breadcrumb"},"inLanguage":"gl-ES","potentialAction":[{"@type":"ReadAction","target":["https:\/\/mineroconforex.com\/personalizar-cookies\/"]}]},{"@type":"BreadcrumbList","@id":"https:\/\/mineroconforex.com\/personalizar-cookies\/#breadcrumb","itemListElement":[{"@type":"ListItem","position":1,"name":"Portada","item":"https:\/\/mineroconforex.com\/"},{"@type":"ListItem","position":2,"name":"Personalizar Cookies"}]},{"@type":"WebSite","@id":"https:\/\/mineroconforex.com\/#website","url":"https:\/\/mineroconforex.com\/","name":"Minero Conforex","description":"Empresa creada en 2008 dedicada al transporte de mercanc\u00eda por carretera, construcci\u00f3n general, servicios forestales, compra \/ venta \/ alquiler de veh\u00edculos","publisher":{"@id":"https:\/\/mineroconforex.com\/#organization"},"potentialAction":[{"@type":"SearchAction","target":{"@type":"EntryPoint","urlTemplate":"https:\/\/mineroconforex.com\/?s={search_term_string}"},"query-input":{"@type":"PropertyValueSpecification","valueRequired":true,"valueName":"search_term_string"}}],"inLanguage":"gl-ES"},{"@type":"Organization","@id":"https:\/\/mineroconforex.com\/#organization","name":"Minero Conforex","url":"https:\/\/mineroconforex.com\/","logo":{"@type":"ImageObject","inLanguage":"gl-ES","@id":"https:\/\/mineroconforex.com\/#\/schema\/logo\/image\/","url":"https:\/\/mineroconforex.com\/wp-content\/uploads\/2023\/04\/logo-minero.png","contentUrl":"https:\/\/mineroconforex.com\/wp-content\/uploads\/2023\/04\/logo-minero.png","width":788,"height":787,"caption":"Minero Conforex"},"image":{"@id":"https:\/\/mineroconforex.com\/#\/schema\/logo\/image\/"},"sameAs":["https:\/\/www.facebook.com\/profile.php?id=100063485744813"]}]}},"_links":{"self":[{"href":"https:\/\/mineroconforex.com\/gl\/wp-json\/wp\/v2\/pages\/277","targetHints":{"allow":["GET"]}}],"collection":[{"href":"https:\/\/mineroconforex.com\/gl\/wp-json\/wp\/v2\/pages"}],"about":[{"href":"https:\/\/mineroconforex.com\/gl\/wp-json\/wp\/v2\/types\/page"}],"author":[{"embeddable":true,"href":"https:\/\/mineroconforex.com\/gl\/wp-json\/wp\/v2\/users\/3"}],"replies":[{"embeddable":true,"href":"https:\/\/mineroconforex.com\/gl\/wp-json\/wp\/v2\/comments?post=277"}],"version-history":[{"count":0,"href":"https:\/\/mineroconforex.com\/gl\/wp-json\/wp\/v2\/pages\/277\/revisions"}],"wp:attachment":[{"href":"https:\/\/mineroconforex.com\/gl\/wp-json\/wp\/v2\/media?parent=277"}],"curies":[{"name":"wp","href":"https:\/\/api.w.org\/{rel}","templated":true}]}}