{"id":515,"date":"2023-06-07T14:34:15","date_gmt":"2023-06-07T12:34:15","guid":{"rendered":"https:\/\/mineroconforex.com\/?page_id=515"},"modified":"2025-10-28T10:09:35","modified_gmt":"2025-10-28T09:09:35","slug":"declaracion-de-accesibilidad","status":"publish","type":"page","link":"https:\/\/mineroconforex.com\/gl\/declaracion-de-accesibilidad\/","title":{"rendered":"Declaraci\u00f3n de Accesibilidad"},"content":{"rendered":"<div data-elementor-type=\"wp-page\" data-elementor-id=\"515\" class=\"elementor elementor-515\">\n\t\t\t\t\t\t<section class=\"elementor-section elementor-top-section elementor-element elementor-element-4f3aa08 elementor-section-boxed elementor-section-height-default elementor-section-height-default\" data-id=\"4f3aa08\" data-element_type=\"section\">\n\t\t\t\t\t\t<div class=\"elementor-container elementor-column-gap-default\">\n\t\t\t\t\t<div class=\"elementor-column elementor-col-100 elementor-top-column elementor-element elementor-element-52a0836\" data-id=\"52a0836\" data-element_type=\"column\">\n\t\t\t<div class=\"elementor-widget-wrap elementor-element-populated\">\n\t\t\t\t\t\t<div class=\"elementor-element elementor-element-53cfe55 elementor-widget elementor-widget-spacer\" data-id=\"53cfe55\" data-element_type=\"widget\" data-widget_type=\"spacer.default\">\n\t\t\t\t<div class=\"elementor-widget-container\">\n\t\t\t\t\t\t\t<div class=\"elementor-spacer\">\n\t\t\t<div class=\"elementor-spacer-inner\"><\/div>\n\t\t<\/div>\n\t\t\t\t\t\t<\/div>\n\t\t\t\t<\/div>\n\t\t\t\t\t<\/div>\n\t\t<\/div>\n\t\t\t\t\t<\/div>\n\t\t<\/section>\n\t\t\t\t<section class=\"elementor-section elementor-top-section elementor-element elementor-element-8892db8 elementor-section-boxed elementor-section-height-default elementor-section-height-default\" data-id=\"8892db8\" data-element_type=\"section\">\n\t\t\t\t\t\t<div class=\"elementor-container elementor-column-gap-default\">\n\t\t\t\t\t<div class=\"elementor-column elementor-col-100 elementor-top-column elementor-element elementor-element-219179b\" data-id=\"219179b\" data-element_type=\"column\">\n\t\t\t<div class=\"elementor-widget-wrap elementor-element-populated\">\n\t\t\t\t\t\t<div class=\"elementor-element elementor-element-0e104ba elementor-widget__width-initial elementor-widget elementor-widget-text-editor\" data-id=\"0e104ba\" data-element_type=\"widget\" data-widget_type=\"text-editor.default\">\n\t\t\t\t<div class=\"elementor-widget-container\">\n\t\t\t\t\t\t\t\t\t<p><b>Minero Conforex<\/b>\u00a0se ha comprometido a hacer accesibles su sitio web de conformidad con el\u00a0<a title=\"Web del Bolet\u00edn Oficial del Estado : Abre nueva ventana\" href=\"https:\/\/www.boe.es\/buscar\/act.php?id=BOE-A-2018-12699\" target=\"_blank\" rel=\"noopener\">Real Decreto 1112\/2018, de 7 de septiembre<\/a>, sobre accesibilidad de los sitios web y aplicaciones para dispositivos m\u00f3viles del sector p\u00fablico (en adelante, Real Decreto 1112\/2018, de 7 de septiembre).<\/p><p>La presente declaraci\u00f3n de accesibilidad se aplica al sitio web <a href=\"https:\/\/mineroconforex.com\/gl\/\">https:\/\/mineroconforex.com\/<\/a><\/p><p><strong>Situaci\u00f3n de cumplimiento<\/strong><\/p><p>Este sitio web es\u00a0<b>plenamente conforme<\/b>\u00a0con el Real Decreto 1112\/2018, de 7 de septiembre.<\/p><p><strong>Preparaci\u00f3n de la presente declaraci\u00f3n de accesibilidad<\/strong><\/p><p>La presente declaraci\u00f3n fue preparada el 7 de junio de 2023.<\/p><p>El m\u00e9todo empleado para preparar la declaraci\u00f3n ha sido una autoevaluaci\u00f3n llevada a cabo por GrupoiGAL.<\/p><p><strong>Observaciones y datos de contacto<\/strong><\/p><p>Puede realizar comunicaciones sobre requisitos de accesibilidad (art\u00edculo 10.2.a) del Real Decreto 1112\/2018, de 7 de septiembre) como, por ejemplo:<\/p><ul><li>Informar sobre cualquier posible incumplimiento por parte de este sitio web.<\/li><li>Transmitir otras dificultades de acceso al contenido.<\/li><li>Formular cualquier otra consulta o sugerencia de mejora relativa a la accesibilidad del sitio web.<\/li><\/ul><p>A trav\u00e9s de las siguientes v\u00edas:<\/p><ul><li>Correo electr\u00f3nico: <a href=\"mailto:%20mineroconforex@hotmail.com\"><span class=\"elementor-icon-list-text\">mineroconforex@hotmail.com<\/span><\/a><\/li><li>Tel\u00e9fono: <a href=\"tel:%20+34637828919\"><span class=\"elementor-icon-list-text\">637 82 89 19<\/span><\/a><\/li><\/ul><p><strong>Procedimiento de aplicaci\u00f3n<\/strong><\/p><p>A trav\u00e9s de este procedimiento podr\u00e1 iniciar una reclamaci\u00f3n para conocer y oponerse a los motivos de la desestimaci\u00f3n de una solicitud de informaci\u00f3n accesible o queja, instar la adopci\u00f3n de las medidas oportunas en el caso de no estar de acuerdo con la decisi\u00f3n adoptada, o exponer las razones por las que se considera que la respuesta no cumple con los requisitos exigidos.<\/p><p><strong>Contenido opcional<\/strong><\/p><p>La versi\u00f3n actualmente visible de este sitio web es de junio de 2023 y en esa fecha se hizo la revisi\u00f3n del nivel de accesibilidad vigente en aquel momento.<\/p><p>A partir de dicha fecha se llevan a cabo revisiones parciales diarias del contenido web nuevo o modificado, tanto de las plantillas como de las p\u00e1ginas y documentos finales publicados, a fin de asegurar el cumplimiento de los requerimientos de accesibilidad de la Norma UNE-EN 301549:2019, considerando las excepciones del Real Decreto 1112\/2018, de 7 de septiembre.<\/p><p>Adicionalmente, este sitio web es revisado por GrupoiGAL, habi\u00e9ndose realizado la \u00faltima revisi\u00f3n en junio de 2023.<\/p><p>Entre otras se adoptan las siguientes medidas para facilitar la accesibilidad:<\/p><ul><li>Utilizaci\u00f3n de texto alternativo en las im\u00e1genes<\/li><li>Los enlaces ofrecen detalles de la funci\u00f3n o destino del hiperv\u00ednculo<\/li><li>Uso de los est\u00e1ndares del W3C: XHTML 1.0, CSS 3.0, WAI AA.<\/li><\/ul><p>Puede consultar en la p\u00e1gina de Aviso Legal\u00a0para qu\u00e9 navegadores y versiones est\u00e1 optimizado este sitio web.<\/p>\t\t\t\t\t\t\t\t<\/div>\n\t\t\t\t<\/div>\n\t\t\t\t\t<\/div>\n\t\t<\/div>\n\t\t\t\t\t<\/div>\n\t\t<\/section>\n\t\t\t\t<\/div>","protected":false},"excerpt":{"rendered":"<p>Minero Conforex\u00a0se ha comprometido a hacer accesibles su sitio web de conformidad con el\u00a0Real Decreto 1112\/2018, de 7 de septiembre, sobre accesibilidad de los sitios web y aplicaciones para dispositivos m\u00f3viles del sector p\u00fablico (en adelante, Real Decreto 1112\/2018, de 7 de septiembre). La presente declaraci\u00f3n de accesibilidad se aplica al sitio web https:\/\/mineroconforex.com\/ Situaci\u00f3n [&hellip;]<\/p>","protected":false},"author":3,"featured_media":0,"parent":0,"menu_order":0,"comment_status":"closed","ping_status":"closed","template":"","meta":{"footnotes":""},"class_list":["post-515","page","type-page","status-publish","hentry"],"yoast_head":"<!-- This site is optimized with the Yoast SEO plugin v24.0 - https:\/\/yoast.com\/wordpress\/plugins\/seo\/ -->\n<title>Declaraci\u00f3n de Accesibilidad - Minero Conforex<\/title>\n<meta name=\"description\" content=\"Empresa creada en 2008 dedicada al transporte de mercanc\u00eda por carretera, construcci\u00f3n general, servicios forestales, compra \/ venta \/ alquiler de veh\u00edculos\" \/>\n<meta name=\"robots\" content=\"index, follow, max-snippet:-1, max-image-preview:large, max-video-preview:-1\" \/>\n<link rel=\"canonical\" href=\"https:\/\/mineroconforex.com\/gl\/declaracion-de-accesibilidad\/\" \/>\n<meta property=\"og:locale\" content=\"gl_ES\" \/>\n<meta property=\"og:type\" content=\"article\" \/>\n<meta property=\"og:title\" content=\"Declaraci\u00f3n de Accesibilidad - Minero Conforex\" \/>\n<meta property=\"og:description\" content=\"Empresa creada en 2008 dedicada al transporte de mercanc\u00eda por carretera, construcci\u00f3n general, servicios forestales, compra \/ venta \/ alquiler de veh\u00edculos\" \/>\n<meta property=\"og:url\" content=\"https:\/\/mineroconforex.com\/gl\/declaracion-de-accesibilidad\/\" \/>\n<meta property=\"og:site_name\" content=\"Minero Conforex\" \/>\n<meta property=\"article:publisher\" content=\"https:\/\/www.facebook.com\/profile.php?id=100063485744813\" \/>\n<meta property=\"article:modified_time\" content=\"2025-10-28T09:09:35+00:00\" \/>\n<meta name=\"twitter:card\" content=\"summary_large_image\" \/>\n<meta name=\"twitter:label1\" content=\"Tempo de lectura\" \/>\n\t<meta name=\"twitter:data1\" content=\"2 minutos\" \/>\n<script type=\"application\/ld+json\" class=\"yoast-schema-graph\">{\"@context\":\"https:\/\/schema.org\",\"@graph\":[{\"@type\":\"WebPage\",\"@id\":\"https:\/\/mineroconforex.com\/declaracion-de-accesibilidad\/\",\"url\":\"https:\/\/mineroconforex.com\/declaracion-de-accesibilidad\/\",\"name\":\"Declaraci\u00f3n de Accesibilidad - Minero Conforex\",\"isPartOf\":{\"@id\":\"https:\/\/mineroconforex.com\/#website\"},\"datePublished\":\"2023-06-07T12:34:15+00:00\",\"dateModified\":\"2025-10-28T09:09:35+00:00\",\"description\":\"Empresa creada en 2008 dedicada al transporte de mercanc\u00eda por carretera, construcci\u00f3n general, servicios forestales, compra \/ venta \/ alquiler de veh\u00edculos\",\"breadcrumb\":{\"@id\":\"https:\/\/mineroconforex.com\/declaracion-de-accesibilidad\/#breadcrumb\"},\"inLanguage\":\"gl-ES\",\"potentialAction\":[{\"@type\":\"ReadAction\",\"target\":[\"https:\/\/mineroconforex.com\/declaracion-de-accesibilidad\/\"]}]},{\"@type\":\"BreadcrumbList\",\"@id\":\"https:\/\/mineroconforex.com\/declaracion-de-accesibilidad\/#breadcrumb\",\"itemListElement\":[{\"@type\":\"ListItem\",\"position\":1,\"name\":\"Portada\",\"item\":\"https:\/\/mineroconforex.com\/\"},{\"@type\":\"ListItem\",\"position\":2,\"name\":\"Declaraci\u00f3n de Accesibilidad\"}]},{\"@type\":\"WebSite\",\"@id\":\"https:\/\/mineroconforex.com\/#website\",\"url\":\"https:\/\/mineroconforex.com\/\",\"name\":\"Minero Conforex\",\"description\":\"Empresa creada en 2008 dedicada al transporte de mercanc\u00eda por carretera, construcci\u00f3n general, servicios forestales, compra \/ venta \/ alquiler de veh\u00edculos\",\"publisher\":{\"@id\":\"https:\/\/mineroconforex.com\/#organization\"},\"potentialAction\":[{\"@type\":\"SearchAction\",\"target\":{\"@type\":\"EntryPoint\",\"urlTemplate\":\"https:\/\/mineroconforex.com\/?s={search_term_string}\"},\"query-input\":{\"@type\":\"PropertyValueSpecification\",\"valueRequired\":true,\"valueName\":\"search_term_string\"}}],\"inLanguage\":\"gl-ES\"},{\"@type\":\"Organization\",\"@id\":\"https:\/\/mineroconforex.com\/#organization\",\"name\":\"Minero Conforex\",\"url\":\"https:\/\/mineroconforex.com\/\",\"logo\":{\"@type\":\"ImageObject\",\"inLanguage\":\"gl-ES\",\"@id\":\"https:\/\/mineroconforex.com\/#\/schema\/logo\/image\/\",\"url\":\"https:\/\/mineroconforex.com\/wp-content\/uploads\/2023\/04\/logo-minero.png\",\"contentUrl\":\"https:\/\/mineroconforex.com\/wp-content\/uploads\/2023\/04\/logo-minero.png\",\"width\":788,\"height\":787,\"caption\":\"Minero Conforex\"},\"image\":{\"@id\":\"https:\/\/mineroconforex.com\/#\/schema\/logo\/image\/\"},\"sameAs\":[\"https:\/\/www.facebook.com\/profile.php?id=100063485744813\"]}]}<\/script>\n<!-- \/ Yoast SEO plugin. -->","yoast_head_json":{"title":"Declaraci\u00f3n de Accesibilidad - Minero Conforex","description":"Empresa creada en 2008 dedicada al transporte de mercanc\u00eda por carretera, construcci\u00f3n general, servicios forestales, compra \/ venta \/ alquiler de veh\u00edculos","robots":{"index":"index","follow":"follow","max-snippet":"max-snippet:-1","max-image-preview":"max-image-preview:large","max-video-preview":"max-video-preview:-1"},"canonical":"https:\/\/mineroconforex.com\/gl\/declaracion-de-accesibilidad\/","og_locale":"gl_ES","og_type":"article","og_title":"Declaraci\u00f3n de Accesibilidad - Minero Conforex","og_description":"Empresa creada en 2008 dedicada al transporte de mercanc\u00eda por carretera, construcci\u00f3n general, servicios forestales, compra \/ venta \/ alquiler de veh\u00edculos","og_url":"https:\/\/mineroconforex.com\/gl\/declaracion-de-accesibilidad\/","og_site_name":"Minero Conforex","article_publisher":"https:\/\/www.facebook.com\/profile.php?id=100063485744813","article_modified_time":"2025-10-28T09:09:35+00:00","twitter_card":"summary_large_image","twitter_misc":{"Tempo de lectura":"2 minutos"},"schema":{"@context":"https:\/\/schema.org","@graph":[{"@type":"WebPage","@id":"https:\/\/mineroconforex.com\/declaracion-de-accesibilidad\/","url":"https:\/\/mineroconforex.com\/declaracion-de-accesibilidad\/","name":"Declaraci\u00f3n de Accesibilidad - Minero Conforex","isPartOf":{"@id":"https:\/\/mineroconforex.com\/#website"},"datePublished":"2023-06-07T12:34:15+00:00","dateModified":"2025-10-28T09:09:35+00:00","description":"Empresa creada en 2008 dedicada al transporte de mercanc\u00eda por carretera, construcci\u00f3n general, servicios forestales, compra \/ venta \/ alquiler de veh\u00edculos","breadcrumb":{"@id":"https:\/\/mineroconforex.com\/declaracion-de-accesibilidad\/#breadcrumb"},"inLanguage":"gl-ES","potentialAction":[{"@type":"ReadAction","target":["https:\/\/mineroconforex.com\/declaracion-de-accesibilidad\/"]}]},{"@type":"BreadcrumbList","@id":"https:\/\/mineroconforex.com\/declaracion-de-accesibilidad\/#breadcrumb","itemListElement":[{"@type":"ListItem","position":1,"name":"Portada","item":"https:\/\/mineroconforex.com\/"},{"@type":"ListItem","position":2,"name":"Declaraci\u00f3n de Accesibilidad"}]},{"@type":"WebSite","@id":"https:\/\/mineroconforex.com\/#website","url":"https:\/\/mineroconforex.com\/","name":"Minero Conforex","description":"Empresa creada en 2008 dedicada al transporte de mercanc\u00eda por carretera, construcci\u00f3n general, servicios forestales, compra \/ venta \/ alquiler de veh\u00edculos","publisher":{"@id":"https:\/\/mineroconforex.com\/#organization"},"potentialAction":[{"@type":"SearchAction","target":{"@type":"EntryPoint","urlTemplate":"https:\/\/mineroconforex.com\/?s={search_term_string}"},"query-input":{"@type":"PropertyValueSpecification","valueRequired":true,"valueName":"search_term_string"}}],"inLanguage":"gl-ES"},{"@type":"Organization","@id":"https:\/\/mineroconforex.com\/#organization","name":"Minero Conforex","url":"https:\/\/mineroconforex.com\/","logo":{"@type":"ImageObject","inLanguage":"gl-ES","@id":"https:\/\/mineroconforex.com\/#\/schema\/logo\/image\/","url":"https:\/\/mineroconforex.com\/wp-content\/uploads\/2023\/04\/logo-minero.png","contentUrl":"https:\/\/mineroconforex.com\/wp-content\/uploads\/2023\/04\/logo-minero.png","width":788,"height":787,"caption":"Minero Conforex"},"image":{"@id":"https:\/\/mineroconforex.com\/#\/schema\/logo\/image\/"},"sameAs":["https:\/\/www.facebook.com\/profile.php?id=100063485744813"]}]}},"_links":{"self":[{"href":"https:\/\/mineroconforex.com\/gl\/wp-json\/wp\/v2\/pages\/515","targetHints":{"allow":["GET"]}}],"collection":[{"href":"https:\/\/mineroconforex.com\/gl\/wp-json\/wp\/v2\/pages"}],"about":[{"href":"https:\/\/mineroconforex.com\/gl\/wp-json\/wp\/v2\/types\/page"}],"author":[{"embeddable":true,"href":"https:\/\/mineroconforex.com\/gl\/wp-json\/wp\/v2\/users\/3"}],"replies":[{"embeddable":true,"href":"https:\/\/mineroconforex.com\/gl\/wp-json\/wp\/v2\/comments?post=515"}],"version-history":[{"count":10,"href":"https:\/\/mineroconforex.com\/gl\/wp-json\/wp\/v2\/pages\/515\/revisions"}],"predecessor-version":[{"id":627,"href":"https:\/\/mineroconforex.com\/gl\/wp-json\/wp\/v2\/pages\/515\/revisions\/627"}],"wp:attachment":[{"href":"https:\/\/mineroconforex.com\/gl\/wp-json\/wp\/v2\/media?parent=515"}],"curies":[{"name":"wp","href":"https:\/\/api.w.org\/{rel}","templated":true}]}}